{"id":78,"date":"2023-06-15T14:08:35","date_gmt":"2023-06-15T12:08:35","guid":{"rendered":"https:\/\/asfoconnect.com\/espace-cv\/?page_id=78"},"modified":"2025-01-16T10:50:07","modified_gmt":"2025-01-16T09:50:07","slug":"accueil","status":"publish","type":"page","link":"https:\/\/asfoconnect.com\/espace-cv\/","title":{"rendered":"Accueil"},"content":{"rendered":"<div id=\"pl-78\"  class=\"panel-layout\" ><div id=\"pg-78-0\"  class=\"panel-grid panel-no-style\" ><div id=\"pgc-78-0-0\"  class=\"panel-grid-cell\" ><div id=\"panel-78-0-0-0\" class=\"so-panel widget widget_sow-editor panel-first-child panel-last-child\" data-index=\"0\" ><div\n\t\t\t\n\t\t\tclass=\"so-widget-sow-editor so-widget-sow-editor-base\"\n\t\t\t\n\t\t>\n<div class=\"siteorigin-widget-tinymce textwidget\">\n\t<p>Que vous soyez un professionnel partenaire qui recrute ou un candidat form\u00e9 par ASFOREST qui cherche un emploi, cette plateforme vous offre une solution pratique pour vous mettre rapidement en contact !<\/p>\n<p>En tant que candidat et gr\u00e2ce \u00e0 une interface conviviale et intuitive, vous pouvez cr\u00e9er et g\u00e9rer votre profil professionnel, mettre en avant votre savoir-faire et \u00eatre d\u00e9couvert par des recruteurs \u00e0 la recherche de candidats qualifi\u00e9s et passionn\u00e9s.<\/p>\n<p>Pour les employeurs et les \u00e9tablissements qui recrutent, notre plateforme vous offre un acc\u00e8s privil\u00e9gi\u00e9 \u00e0 une vaste base de talents form\u00e9s et disponibles. Vous pouvez consulter des profils d\u00e9taill\u00e9s et entrer en contact direct avec des candidats correspondant \u00e0 vos crit\u00e8res sp\u00e9cifiques.<\/p>\n<p>Notre objectif est de faciliter les mises en relation efficaces et qualifi\u00e9es.<\/p>\n<p style=\"text-align: center;\"><strong>Bienvenue dans l\u2019espace CV ASFOCONNECT !<\/strong><\/p>\n<\/div>\n<\/div><\/div><\/div><\/div><div id=\"pg-78-1\"  class=\"panel-grid panel-no-style\" ><div id=\"pgc-78-1-0\"  class=\"panel-grid-cell\" ><div id=\"panel-78-1-0-0\" class=\"so-panel widget widget_sow-image panel-first-child\" data-index=\"1\" ><div class=\"panel-widget-style panel-widget-style-for-78-1-0-0\" ><div\n\t\t\t\n\t\t\tclass=\"so-widget-sow-image so-widget-sow-image-default-3a2476c0e107-78\"\n\t\t\t\n\t\t>\n<div class=\"sow-image-container\">\n\t\t<img \n\tsrc=\"https:\/\/asfoconnect.com\/espace-cv\/wp-content\/uploads\/2023\/07\/asfoconnect-asforest-espace-cv-recrutement-candidat-scaled.jpg\" width=\"2560\" height=\"1707\" srcset=\"https:\/\/asfoconnect.com\/espace-cv\/wp-content\/uploads\/2023\/07\/asfoconnect-asforest-espace-cv-recrutement-candidat-scaled.jpg 2560w, https:\/\/asfoconnect.com\/espace-cv\/wp-content\/uploads\/2023\/07\/asfoconnect-asforest-espace-cv-recrutement-candidat-300x200.jpg 300w, https:\/\/asfoconnect.com\/espace-cv\/wp-content\/uploads\/2023\/07\/asfoconnect-asforest-espace-cv-recrutement-candidat-1024x683.jpg 1024w, https:\/\/asfoconnect.com\/espace-cv\/wp-content\/uploads\/2023\/07\/asfoconnect-asforest-espace-cv-recrutement-candidat-768x512.jpg 768w, https:\/\/asfoconnect.com\/espace-cv\/wp-content\/uploads\/2023\/07\/asfoconnect-asforest-espace-cv-recrutement-candidat-1536x1024.jpg 1536w, https:\/\/asfoconnect.com\/espace-cv\/wp-content\/uploads\/2023\/07\/asfoconnect-asforest-espace-cv-recrutement-candidat-2048x1365.jpg 2048w, https:\/\/asfoconnect.com\/espace-cv\/wp-content\/uploads\/2023\/07\/asfoconnect-asforest-espace-cv-recrutement-candidat-272x182.jpg 272w\" sizes=\"(max-width: 2560px) 100vw, 2560px\" title=\"asfoconnect-asforest-espace-cv-recrutement-candidat\" alt=\"asfoconnect asforest espace cv recrutement candidat\" \t\tclass=\"so-widget-image\"\/>\n\t<\/div>\n\n<\/div><\/div><\/div><div id=\"panel-78-1-0-1\" class=\"so-panel widget widget_sow-button panel-last-child\" data-index=\"2\" ><div\n\t\t\t\n\t\t\tclass=\"so-widget-sow-button so-widget-sow-button-flat-67f2441f2dd2-78\"\n\t\t\t\n\t\t><div class=\"ow-button-base ow-button-align-center\"\n>\n\t\t\t<a\n\t\t\t\t\thref=\"https:\/\/asfoconnect.com\/espace-cv\/login\/\"\n\t\t\t\t\tclass=\"sowb-button ow-icon-placement-left ow-button-hover\" \t>\n\t\t<span>\n\t\t\t\n\t\t\tESPACE STAGIAIRE\t\t<\/span>\n\t\t\t<\/a>\n\t<\/div>\n<\/div><\/div><\/div><div id=\"pgc-78-1-1\"  class=\"panel-grid-cell\" ><div id=\"panel-78-1-1-0\" class=\"so-panel widget widget_sow-image panel-first-child\" data-index=\"3\" ><div class=\"panel-widget-style panel-widget-style-for-78-1-1-0\" ><div\n\t\t\t\n\t\t\tclass=\"so-widget-sow-image so-widget-sow-image-default-3a2476c0e107-78\"\n\t\t\t\n\t\t>\n<div class=\"sow-image-container\">\n\t\t<img \n\tsrc=\"https:\/\/asfoconnect.com\/espace-cv\/wp-content\/uploads\/2023\/07\/asfoconnect-asforest-espace-cv-recrutement-pro-scaled-e1688471680347.jpg\" width=\"2560\" height=\"1708\" srcset=\"https:\/\/asfoconnect.com\/espace-cv\/wp-content\/uploads\/2023\/07\/asfoconnect-asforest-espace-cv-recrutement-pro-scaled-e1688471680347.jpg 2560w, https:\/\/asfoconnect.com\/espace-cv\/wp-content\/uploads\/2023\/07\/asfoconnect-asforest-espace-cv-recrutement-pro-scaled-e1688471680347-300x200.jpg 300w, https:\/\/asfoconnect.com\/espace-cv\/wp-content\/uploads\/2023\/07\/asfoconnect-asforest-espace-cv-recrutement-pro-scaled-e1688471680347-1024x683.jpg 1024w, https:\/\/asfoconnect.com\/espace-cv\/wp-content\/uploads\/2023\/07\/asfoconnect-asforest-espace-cv-recrutement-pro-scaled-e1688471680347-768x512.jpg 768w, https:\/\/asfoconnect.com\/espace-cv\/wp-content\/uploads\/2023\/07\/asfoconnect-asforest-espace-cv-recrutement-pro-scaled-e1688471680347-1536x1025.jpg 1536w, https:\/\/asfoconnect.com\/espace-cv\/wp-content\/uploads\/2023\/07\/asfoconnect-asforest-espace-cv-recrutement-pro-scaled-e1688471680347-2048x1366.jpg 2048w, https:\/\/asfoconnect.com\/espace-cv\/wp-content\/uploads\/2023\/07\/asfoconnect-asforest-espace-cv-recrutement-pro-scaled-e1688471680347-272x182.jpg 272w\" sizes=\"(max-width: 2560px) 100vw, 2560px\" title=\"asfoconnect-asforest-espace-cv-recrutement-pro\" alt=\"asfoconnect asforest espace cv recrutement pro\" \t\tclass=\"so-widget-image\"\/>\n\t<\/div>\n\n<\/div><\/div><\/div><div id=\"panel-78-1-1-1\" class=\"so-panel widget widget_sow-button panel-last-child\" data-index=\"4\" ><div\n\t\t\t\n\t\t\tclass=\"so-widget-sow-button so-widget-sow-button-flat-67f2441f2dd2-78\"\n\t\t\t\n\t\t><div class=\"ow-button-base ow-button-align-center\"\n>\n\t\t\t<a\n\t\t\t\t\thref=\"https:\/\/asfoconnect.com\/espace-cv\/connexion-espace-professionnel\/\"\n\t\t\t\t\tclass=\"sowb-button ow-icon-placement-left ow-button-hover\" \t>\n\t\t<span>\n\t\t\t\n\t\t\tESPACE PROFESSIONNEL\t\t<\/span>\n\t\t\t<\/a>\n\t<\/div>\n<\/div><\/div><\/div><\/div><div id=\"pg-78-2\"  class=\"panel-grid panel-has-style\" ><div class=\"panel-row-style panel-row-style-for-78-2\" ><div id=\"pgc-78-2-0\"  class=\"panel-grid-cell\" ><div id=\"panel-78-2-0-0\" class=\"so-panel widget widget_sow-video panel-first-child panel-last-child\" data-index=\"5\" ><div id=\"tuto\" class=\"panel-widget-style panel-widget-style-for-78-2-0-0\" ><div\n\t\t\t\n\t\t\tclass=\"so-widget-sow-video so-widget-sow-video-default-c08170c47cfb-78\"\n\t\t\t\n\t\t><h3 class=\"widget-title\">Espace CV - Tutoriel stagiaire<\/h3>\n<div class=\"sow-video-wrapper\n\">\n\t\t\t<iframe loading=\"lazy\" title=\"ASFOCONNECT - Espace CV - Tutoriel stagiaire\" width=\"640\" height=\"360\" src=\"https:\/\/www.youtube.com\/embed\/tHBw-prJdz0?feature=oembed&enablejsapi=1\" frameborder=\"0\" allow=\"accelerometer; autoplay; clipboard-write; encrypted-media; gyroscope; picture-in-picture; web-share\" referrerpolicy=\"strict-origin-when-cross-origin\" allowfullscreen allowfullscreen mozallowfullscreen webkitallowfullscreen sandbox=\"allow-scripts allow-same-origin allow-presentation\"><\/iframe>\t<\/div>\n<\/div><\/div><\/div><\/div><div id=\"pgc-78-2-1\"  class=\"panel-grid-cell\" ><div id=\"panel-78-2-1-0\" class=\"so-panel widget widget_sow-video panel-first-child panel-last-child\" data-index=\"6\" ><div id=\"tuto\" class=\"panel-widget-style panel-widget-style-for-78-2-1-0\" ><div\n\t\t\t\n\t\t\tclass=\"so-widget-sow-video so-widget-sow-video-default-c08170c47cfb-78\"\n\t\t\t\n\t\t><h3 class=\"widget-title\">Espace CV - Tutoriel Professionnel<\/h3>\n<div class=\"sow-video-wrapper\n\">\n\t\t\t<iframe loading=\"lazy\" title=\"ASFOCONNECT - Espace CV - Tutoriel Professionnel\" width=\"640\" height=\"360\" src=\"https:\/\/www.youtube.com\/embed\/cFJtN6ubndM?feature=oembed&enablejsapi=1\" frameborder=\"0\" allow=\"accelerometer; autoplay; clipboard-write; encrypted-media; gyroscope; picture-in-picture; web-share\" referrerpolicy=\"strict-origin-when-cross-origin\" allowfullscreen allowfullscreen mozallowfullscreen webkitallowfullscreen sandbox=\"allow-scripts allow-same-origin allow-presentation\"><\/iframe>\t<\/div>\n<\/div><\/div><\/div><\/div><\/div><\/div><\/div>","protected":false},"excerpt":{"rendered":"<p>Que vous soyez un professionnel partenaire qui recrute ou un candidat form\u00e9 par ASFOREST qui cherche un emploi, cette plateforme vous offre une solution pratique pour vous mettre rapidement en contact ! En tant que candidat et gr\u00e2ce \u00e0 une interface conviviale et intuitive, vous pouvez cr\u00e9er et g\u00e9rer votre profil professionnel, mettre en avant [&hellip;]<\/p>\n","protected":false},"author":1,"featured_media":0,"parent":0,"menu_order":0,"comment_status":"closed","ping_status":"closed","template":"page-templates\/home.php","meta":{"footnotes":""},"class_list":["post-78","page","type-page","status-publish","hentry"],"_links":{"self":[{"href":"https:\/\/asfoconnect.com\/espace-cv\/wp-json\/wp\/v2\/pages\/78","targetHints":{"allow":["GET"]}}],"collection":[{"href":"https:\/\/asfoconnect.com\/espace-cv\/wp-json\/wp\/v2\/pages"}],"about":[{"href":"https:\/\/asfoconnect.com\/espace-cv\/wp-json\/wp\/v2\/types\/page"}],"author":[{"embeddable":true,"href":"https:\/\/asfoconnect.com\/espace-cv\/wp-json\/wp\/v2\/users\/1"}],"replies":[{"embeddable":true,"href":"https:\/\/asfoconnect.com\/espace-cv\/wp-json\/wp\/v2\/comments?post=78"}],"version-history":[{"count":40,"href":"https:\/\/asfoconnect.com\/espace-cv\/wp-json\/wp\/v2\/pages\/78\/revisions"}],"predecessor-version":[{"id":968,"href":"https:\/\/asfoconnect.com\/espace-cv\/wp-json\/wp\/v2\/pages\/78\/revisions\/968"}],"wp:attachment":[{"href":"https:\/\/asfoconnect.com\/espace-cv\/wp-json\/wp\/v2\/media?parent=78"}],"curies":[{"name":"wp","href":"https:\/\/api.w.org\/{rel}","templated":true}]}}