{"id":17,"date":"2023-05-15T17:42:31","date_gmt":"2023-05-15T15:42:31","guid":{"rendered":"https:\/\/asfoconnect.com\/espace-cv\/index.php\/register-2\/"},"modified":"2023-06-27T22:15:35","modified_gmt":"2023-06-27T20:15:35","slug":"register-2","status":"publish","type":"page","link":"https:\/\/asfoconnect.com\/espace-cv\/register-2\/","title":{"rendered":"Inscriptions stagiaires"},"content":{"rendered":"\n<div class=\"um um-register um-11\">\n\t<div class=\"um-form\" data-mode=\"register\">\n\t\t<form method=\"post\" action=\"\">\n\t\t\t<div class=\"um-row _um_row_1 \" style=\"padding: 0px 0px 0px 0px;margin: 0px 0px 30px 0px;border-width: 0px 0px 0px 0px;border-style: solid;border-radius: 0px;\"><div class=\"um-col-1\"><div  class=\"um-field um-field-divider  um-field-divider um-field-type_divider\" data-key=\"um_divider_11_30_30\" style=\"border-bottom:4px solid #eeeeee;\"><div class=\"um-field-divider-text\"><span>Informations de connexion<\/span><\/div><\/div><div  id=\"um_field_11_user_login\" class=\"um-field um-field-text  um-field-user_login um-field-text um-field-type_text\" data-key=\"user_login\"><div class=\"um-field-label\"><label for=\"user_login-11\">Choisissez un identifiant<\/label><div class=\"um-clear\"><\/div><\/div><div class=\"um-field-area\"><input  autocomplete=\"off\" class=\"um-form-field valid \" type=\"text\" name=\"user_login-11\" id=\"user_login-11\" value=\"\" placeholder=\"\" data-validate=\"unique_username\" data-key=\"user_login\"  aria-invalid=\"false\" \/>\n\n\t\t\t\t\t\t<\/div><\/div><div  id=\"um_field_11_user_email\" class=\"um-field um-field-text  um-field-user_email um-field-text um-field-type_text\" data-key=\"user_email\"><div class=\"um-field-label\"><label for=\"user_email-11\">Adresse e-mail<\/label><div class=\"um-clear\"><\/div><\/div><div class=\"um-field-area\"><input  autocomplete=\"off\" class=\"um-form-field valid \" type=\"text\" name=\"user_email-11\" id=\"user_email-11\" value=\"\" placeholder=\"\" data-validate=\"custom\" data-key=\"user_email\"  aria-invalid=\"false\" \/>\n\n\t\t\t\t\t\t<\/div><\/div><div  id=\"um_field_11_first_name\" class=\"um-field um-field-text  um-field-first_name um-field-text um-field-type_text\" data-key=\"first_name\"><div class=\"um-field-label\"><label for=\"first_name-11\">Pr\u00e9nom<\/label><div class=\"um-clear\"><\/div><\/div><div class=\"um-field-area\"><input  autocomplete=\"off\" class=\"um-form-field valid not-required \" type=\"text\" name=\"first_name-11\" id=\"first_name-11\" value=\"\" placeholder=\"\" data-validate=\"\" data-key=\"first_name\"  aria-invalid=\"false\" \/>\n\n\t\t\t\t\t\t<\/div><\/div><div  id=\"um_field_11_last_name\" class=\"um-field um-field-text  um-field-last_name um-field-text um-field-type_text\" data-key=\"last_name\"><div class=\"um-field-label\"><label for=\"last_name-11\">Nom<\/label><div class=\"um-clear\"><\/div><\/div><div class=\"um-field-area\"><input  autocomplete=\"off\" class=\"um-form-field valid \" type=\"text\" name=\"last_name-11\" id=\"last_name-11\" value=\"\" placeholder=\"\" data-validate=\"\" data-key=\"last_name\"  aria-invalid=\"false\" \/>\n\n\t\t\t\t\t\t<\/div><\/div><div  id=\"um_field_11_formation\" class=\"um-field um-field-multiselect  um-field-formation um-field-multiselect um-field-type_multiselect\" data-key=\"formation\"><div class=\"um-field-label\"><label for=\"formation-11\">Formation ASFOCONNECT<\/label><div class=\"um-clear\"><\/div><\/div><div class=\"um-field-area  \"><select   multiple=\"multiple\" name=\"formation[]\" id=\"formation\" data-maxsize=\"0\" data-validate=\"\" data-key=\"formation\" class=\"um-form-field valid not-required um-s1 \" style=\"width: 100%\" data-placeholder=\"\"  aria-invalid=\"false\" ><option value=\"\"><\/option><option value=\"R\u00e9ceptionniste CQP\" >R\u00e9ceptionniste CQP<\/option><option value=\"Employ\u00e9\u00b7e d&#039;\u00e9tage CQP\" >Employ\u00e9\u00b7e d&#039;\u00e9tage CQP<\/option><option value=\"Commis\u00b7e de cuisine TFP\" >Commis\u00b7e de cuisine TFP<\/option><option value=\"Serveur\u00b7euse en restauration TFP\" >Serveur\u00b7euse en restauration TFP<\/option><option value=\"Gouvernant\u00b7e d&#039;h\u00f4tel CQP\" >Gouvernant\u00b7e d&#039;h\u00f4tel CQP<\/option><option value=\"Commis\u00b7e de cuisine\" >Commis\u00b7e de cuisine<\/option><option value=\"Serveur\u00b7euse en restauration\" >Serveur\u00b7euse en restauration<\/option><option value=\"R\u00e9ceptionniste\" >R\u00e9ceptionniste<\/option><option value=\"Employ\u00e9\u00b7e d&#039;\u00e9tage\" >Employ\u00e9\u00b7e d&#039;\u00e9tage<\/option><option value=\"Gouvernant\u00b7e d&#039;h\u00f4tel\" >Gouvernant\u00b7e d&#039;h\u00f4tel<\/option><\/select><\/div><\/div><div  id=\"um_field_11_user_password\" class=\"um-field um-field-password  um-field-user_password um-field-password um-field-type_password\" data-key=\"user_password\"><div class=\"um-field-label\"><label for=\"user_password-11\">Choisissez un mot de passe<\/label><div class=\"um-clear\"><\/div><\/div><div class=\"um-field-area\"><div class=\"um-field-area-password\">\n\t\t\t\t\t\t\t\t\t<input class=\"um-form-field valid \" type=\"password\" name=\"user_password-11\" id=\"user_password-11\" value=\"\" placeholder=\"\" data-validate=\"\" data-key=\"user_password\"  aria-invalid=\"false\" \/>\n\t\t\t\t\t\t\t\t\t<span class=\"um-toggle-password\"><i class=\"um-icon-eye\"><\/i><\/span>\n\t\t\t\t\t\t\t\t<\/div>\n\t\t\t\t\t\t\t<\/div><\/div><div  id=\"um_field_11_confirm_user_password\" class=\"um-field um-field-password  um-field-user_password um-field-password um-field-type_password\" data-key=\"confirm_user_password\"><div class=\"um-field-label\"><label for=\"confirm_user_password-11\">Confirmer le Choisissez un mot de passe<\/label><div class=\"um-clear\"><\/div><\/div><div class=\"um-field-area\"><div class=\"um-field-area-password\"><input class=\"um-form-field valid \" type=\"password\" name=\"confirm_user_password-11\" id=\"confirm_user_password-11\" value=\"\" placeholder=\"Confirmer le Choisissez un mot de passe\" data-validate=\"\" data-key=\"confirm_user_password\"  aria-invalid=\"false\" \/><span class=\"um-toggle-password\"><i class=\"um-icon-eye\"><\/i><\/span><\/div><\/div><\/div><\/div><\/div>\n<!-- This file should primarily consist of HTML with a little bit of PHP. -->\n<div class=\"um-field um-field-type_terms_conditions\" data-key=\"use_terms_conditions_agreement\" style=\"display:block;padding:0;\">\n\t<div class=\"um-field-area\">\n\t\t<div class=\"um-gdpr-content\" style=\"display:none;\">\n\t\t\t\n<h2 class=\"wp-block-heading has-text-align-center\">Politique de confidentialit\u00e9<\/h2>\n\n\n\n<h3 class=\"wp-block-heading\">Qui sommes-nous\u00a0?<\/h3>\n\n\n\n<p>ASFOCONNECT est une marque ASFOREST.<\/p>\n\n\n\n<h3 class=\"wp-block-heading\">Contenu embarqu\u00e9 depuis d\u2019autres sites<\/h3>\n\n\n\n<p>Les articles de ce site peuvent inclure des contenus int\u00e9gr\u00e9s (par exemple des vid\u00e9os, images, articles\u2026). Le contenu int\u00e9gr\u00e9 depuis d\u2019autres sites se comporte de la m\u00eame mani\u00e8re que si le visiteur se rendait sur cet autre site.<\/p>\n\n\n\n<p>Ces sites web pourraient collecter des donn\u00e9es sur vous, utiliser des cookies, embarquer des outils de suivis tiers, suivre vos interactions avec ces contenus embarqu\u00e9s si vous disposez d\u2019un compte connect\u00e9 sur leur site web.<\/p>\n\n\n\n<h3 class=\"wp-block-heading\">M\u00e9dias<\/h3>\n\n\n\n<p>Si vous t\u00e9l\u00e9versez des images sur le site, nous vous conseillons d\u2019\u00e9viter de t\u00e9l\u00e9verser des images contenant des donn\u00e9es EXIF de coordonn\u00e9es GPS. Les personnes visitant votre site peuvent t\u00e9l\u00e9charger et extraire des donn\u00e9es de localisation depuis ces images.<\/p>\n\n\n\n<h3 class=\"wp-block-heading\">Utilisation et transmission de vos donn\u00e9es personnelles<\/h3>\n\n\n\n<p>Si vous demandez une r\u00e9initialisation de votre mot de passe, votre adresse IP sera incluse dans l\u2019e-mail de r\u00e9initialisation.<\/p>\n\n\n\n<h3 class=\"wp-block-heading\">Dur\u00e9es de stockage de vos donn\u00e9es<\/h3>\n\n\n\n<p>Pour les comptes qui s\u2019inscrivent sur notre site (le cas \u00e9ch\u00e9ant), nous stockons \u00e9galement les donn\u00e9es personnelles indiqu\u00e9es dans leur profil. Tous les comptes peuvent voir, modifier ou supprimer leurs informations personnelles \u00e0 tout moment (\u00e0 l\u2019exception de leur identifiant). Les gestionnaires du site peuvent aussi voir et modifier ces informations.<\/p>\n\n\n\n<p>Les donn\u00e9es sont conserv\u00e9es pour une dur\u00e9e adapt\u00e9e aux finalit\u00e9s des traitements et conform\u00e9ment \u00e0 la l\u00e9gislation et r\u00e9glementation en vigueur. Les donn\u00e9es des stagiaires candidats sont conserv\u00e9es pendant les deux (2) ans qui suivent la commission de certification. Les donn\u00e9es des clients professionnels sont conserv\u00e9es jusqu\u2019\u00e0 trois (3) ans apr\u00e8s le dernier contact \u00e9manant du prospect.<\/p>\n\n\n\n<h3 class=\"wp-block-heading\">Les droits que vous avez sur vos donn\u00e9es<\/h3>\n\n\n\n<p>Conform\u00e9ment au R\u00e8glement G\u00e9n\u00e9ral sur la Protection des Donn\u00e9es <strong>2016\/679 du 27\u202favril\u202f2016<\/strong>, chaque personne dispose d\u2019un droit d\u2019acc\u00e8s, de rectification, d\u2019effacement et de portabilit\u00e9 de ses Donn\u00e9es \u00e0 Caract\u00e8re Personnel, et d\u2019un droit \u00e0 la limitation et \u00e0 l\u2019opposition au traitement de ces donn\u00e9es.<\/p>\n\n\n\n<p>Si vous avez un compte sur le site, vous pouvez demander \u00e0 recevoir un fichier contenant toutes les donn\u00e9es personnelles que nous poss\u00e9dons \u00e0 votre sujet, incluant celles que vous nous avez fournies. Vous pouvez \u00e9galement demander la suppression des donn\u00e9es personnelles vous concernant. Cela ne prend pas en compte les donn\u00e9es stock\u00e9es \u00e0 des fins administratives, l\u00e9gales ou pour des raisons de s\u00e9curit\u00e9.<\/p>\n\n\n\n<p>Ces droits peuvent \u00eatre exerc\u00e9s directement depuis votre compte ou en nous contactant&nbsp;aux adresses suivantes\u202f:<\/p>\n\n\n\n<p><br>\u2022 par courrier\u202f: 4, rue de Gramont \u2013 75002 PARIS.<br>\u2022 par email\u202f: <a href=\"mailto:asforest@asforest.fr\">asforest@asforest.fr<\/a><\/p>\n\n\n\n<p><\/p>\n\n\n\n<p>En cas d\u2019exercice de vos droits, vous devez justifier de votre identit\u00e9 par tous moyens. Toutefois, si des doutes raisonnables persistent quant \u00e0 l\u2019exactitude de votre identit\u00e9, <strong>ASFOREST<\/strong> pourra demander des informations suppl\u00e9mentaires telles que la photocopie de votre<strong> CNI<\/strong>.<\/p>\n\n\n\n<p>Les personnes disposent \u00e9galement du droit d\u2019introduire une r\u00e9clamation aupr\u00e8s de la <strong>CNIL.<\/strong> De plus, et <strong>depuis la loi n\u00b02016-1321 du 7 octobre 2016<\/strong>, les personnes qui le souhaitent, ont la possibilit\u00e9 d\u2019organiser le sort de leurs donn\u00e9es apr\u00e8s leur d\u00e9c\u00e8s.<br>Pour plus d\u2019information sur le sujet\u202f: https:\/\/www.cnil.fr<\/p>\n\n\n\n<h3 class=\"wp-block-heading\">O\u00f9 vos donn\u00e9es sont envoy\u00e9es<\/h3>\n\n\n\n<p>Les Donn\u00e9es \u00e0 Caract\u00e8re Personnel collect\u00e9es et trait\u00e9es par <strong>ASFOREST<\/strong> sont h\u00e9berg\u00e9es en Union Europ\u00e9enne. N\u00e9anmoins, vos donn\u00e9es peuvent \u00eatre transf\u00e9r\u00e9es \u00e0 des sous-traitants situ\u00e9s en dehors de l\u2019Union Europ\u00e9enne pour la dur\u00e9e du traitement. Ces sous-traitants n\u2019agissent que sur instructions document\u00e9es de <strong>ASFOREST<\/strong>. Nous nous effor\u00e7ons d\u2019apporter les meilleurs garanties, notamment contractuelles et techniques pour \u00eatre en conformit\u00e9 avec la r\u00e9glementation applicable en mati\u00e8re de protection des donn\u00e9es personnelles.<\/p>\n\n\n\n<p>Les donn\u00e9es collect\u00e9es peuvent \u00eatre transmises aux :<br>\u2022 prestataires de services et sous-traitants r\u00e9alisant des prestations pour notre compte ;<br>\u2022 partenaires p\u00e9dagogiques et de certification&nbsp;;<br>\u2022 partenaires institutionnels&nbsp;;<br>\u2022 partenaires commerciaux.<\/p>\n\n\n\n<p>Les commentaires des visiteurs peuvent \u00eatre v\u00e9rifi\u00e9s \u00e0 l\u2019aide d\u2019un service automatis\u00e9 de d\u00e9tection des commentaires ind\u00e9sirables.<\/p>\n\t\t<\/div>\n\t\t<a href=\"javascript:void(0);\" class=\"um-toggle-gdpr\" data-toggle-state=\"hidden\"\n\t\t\tdata-toggle-show=\"Afficher la politique de confidentialit\u00e9\"\n\t\t\tdata-toggle-hide=\"Masquer la politique de confidentialit\u00e9\">\n\t\t\tAfficher la politique de confidentialit\u00e9\t\t<\/a>\n\t<\/div>\n\t<div class=\"um-field-area\">\n\t\t<label class=\"um-field-checkbox\">\n\t\t\t<input type=\"checkbox\" name=\"use_gdpr_agreement\" value=\"1\">\n\t\t\t<span class=\"um-field-checkbox-state\"><i class=\"um-icon-android-checkbox-outline-blank\"><\/i><\/span>\n\t\t\t<span class=\"um-field-checkbox-option\">Veuillez confirmer que vous acceptez notre politique de confidentialit\u00e9<\/span>\n\t\t<\/label>\n\t\t<div class=\"um-clear\"><\/div>\n\t\t\t\t<div class=\"um-clear\"><\/div>\n\t<\/div>\n<\/div>\n\t<input type=\"hidden\" name=\"form_id\" id=\"form_id_11\" value=\"11\" \/>\n\t\t<p class=\"um_request_name\">\n\t\t<label for=\"um_request_11\">Only fill in if you are not human<\/label>\n\t\t<input type=\"hidden\" name=\"um_request\" id=\"um_request_11\" class=\"input\" value=\"\" size=\"25\" autocomplete=\"off\" \/>\n\t<\/p>\n\t<input type=\"hidden\" id=\"_wpnonce\" name=\"_wpnonce\" value=\"b92e9e7765\" \/><input type=\"hidden\" name=\"_wp_http_referer\" value=\"\/espace-cv\/wp-json\/wp\/v2\/pages\/17\" \/>\n\t<div class=\"um-col-alt\">\n\n\t\t\n\t\t\t<div class=\"um-center\">\n\t\t\t\t<input type=\"submit\" value=\"S\u2019inscrire\" class=\"um-button\" id=\"um-submit-btn\" \/>\n\t\t\t<\/div>\n\n\t\t\n\t\t<div class=\"um-clear\"><\/div>\n\n\t<\/div>\n\n\t\t\t<\/form>\n\t<\/div>\n<\/div>\n<style>\n\t\t\t.um-11.um {\n\t\t\tmax-width: 1024px;\n\t\t}\n\t\t<\/style>\n\n","protected":false},"excerpt":{"rendered":"","protected":false},"author":1,"featured_media":0,"parent":0,"menu_order":0,"comment_status":"closed","ping_status":"closed","template":"page-templates\/full-width.php","meta":{"footnotes":""},"class_list":["post-17","page","type-page","status-publish","hentry"],"_links":{"self":[{"href":"https:\/\/asfoconnect.com\/espace-cv\/wp-json\/wp\/v2\/pages\/17","targetHints":{"allow":["GET"]}}],"collection":[{"href":"https:\/\/asfoconnect.com\/espace-cv\/wp-json\/wp\/v2\/pages"}],"about":[{"href":"https:\/\/asfoconnect.com\/espace-cv\/wp-json\/wp\/v2\/types\/page"}],"author":[{"embeddable":true,"href":"https:\/\/asfoconnect.com\/espace-cv\/wp-json\/wp\/v2\/users\/1"}],"replies":[{"embeddable":true,"href":"https:\/\/asfoconnect.com\/espace-cv\/wp-json\/wp\/v2\/comments?post=17"}],"version-history":[{"count":3,"href":"https:\/\/asfoconnect.com\/espace-cv\/wp-json\/wp\/v2\/pages\/17\/revisions"}],"predecessor-version":[{"id":152,"href":"https:\/\/asfoconnect.com\/espace-cv\/wp-json\/wp\/v2\/pages\/17\/revisions\/152"}],"wp:attachment":[{"href":"https:\/\/asfoconnect.com\/espace-cv\/wp-json\/wp\/v2\/media?parent=17"}],"curies":[{"name":"wp","href":"https:\/\/api.w.org\/{rel}","templated":true}]}}